{"id":39,"date":"2020-03-22T00:10:09","date_gmt":"2020-03-22T00:10:09","guid":{"rendered":"http:\/\/tf.themedraft.com\/wp\/ukilvai\/?page_id=39"},"modified":"2024-05-05T19:26:54","modified_gmt":"2024-05-05T22:26:54","slug":"atuacao","status":"publish","type":"page","link":"https:\/\/luchesieanjosadvassociados.com.br\/?page_id=39","title":{"rendered":"Atua\u00e7\u00e3o"},"content":{"rendered":"\t\t<div data-elementor-type=\"wp-page\" data-elementor-id=\"39\" class=\"elementor elementor-39\">\n\t\t\t\t\t\t<section class=\"elementor-section elementor-top-section elementor-element elementor-element-61cbf831 elementor-section-stretched elementor-section-boxed elementor-section-height-default elementor-section-height-default\" data-id=\"61cbf831\" data-element_type=\"section\" data-settings=\"{&quot;stretch_section&quot;:&quot;section-stretched&quot;,&quot;background_background&quot;:&quot;classic&quot;}\">\n\t\t\t\t\t\t<div class=\"elementor-container elementor-column-gap-default\">\n\t\t\t\t\t<div class=\"elementor-column elementor-col-100 elementor-top-column elementor-element elementor-element-19bcf1a6\" data-id=\"19bcf1a6\" data-element_type=\"column\">\n\t\t\t<div class=\"elementor-widget-wrap elementor-element-populated\">\n\t\t\t\t\t\t<div class=\"elementor-element elementor-element-3eec4d47 elementor-widget elementor-widget-themedraft_section_title\" data-id=\"3eec4d47\" data-element_type=\"widget\" data-widget_type=\"themedraft_section_title.default\">\n\t\t\t\t<div class=\"elementor-widget-container\">\n\t\t\t\n        <div class=\"row\">\n            <div class=\"col-lg-12\">\n                <div class=\"td-section-title-wrap\">\n                    <div class=\"td-section-title-content\">\n\n                        <div class=\"subtitle-and-title\">\n                            \n                            <h2 class=\"title\">Atua\u00e7\u00e3o                            <\/h2>\n                        <\/div>\n                                            <\/div>\n                <\/div>\n            <\/div>\n        <\/div>\n\n\t\t\t\t<\/div>\n\t\t\t\t<\/div>\n\t\t\t\t<div class=\"elementor-element elementor-element-2b0d1d07 elementor-widget elementor-widget-themedraft_section_title\" data-id=\"2b0d1d07\" data-element_type=\"widget\" data-widget_type=\"themedraft_section_title.default\">\n\t\t\t\t<div class=\"elementor-widget-container\">\n\t\t\t\n        <div class=\"row\">\n            <div class=\"col-lg-12\">\n                <div class=\"td-section-title-wrap\">\n                    <div class=\"td-section-title-content\">\n\n                        <div class=\"subtitle-and-title\">\n                            \n                            <h4 class=\"title\">Nosso escrit\u00f3rio de advocacia est\u00e1 comprometido em atender \u00e0s necessidades de nossos clientes de maneira r\u00e1pida e humanizada, dispon\u00edvel 24h. <br \/>\nEspecializamo-nos em diversas \u00e1reas do Direito, incluindo Criminal, Fam\u00edlia, P\u00fablico, Banc\u00e1rio, Imobili\u00e1rio e Empresarial, sempre visando os melhores resultados. Priorizamos uma abordagem pr\u00e1tica e eficiente para cada caso, combinando experi\u00eancia jur\u00eddica com estrat\u00e9gias inovadoras. <br \/>\n                            <\/h4>\n                        <\/div>\n                                                    <div class=\"title-description\">\n                                <h5 style=\"text-align: center;\">\u00a0<\/h5>                            <\/div>\n                                            <\/div>\n                <\/div>\n            <\/div>\n        <\/div>\n\n\t\t\t\t<\/div>\n\t\t\t\t<\/div>\n\t\t\t\t<div class=\"elementor-element elementor-element-9decd04 elementor-widget elementor-widget-themedraft_service_box\" data-id=\"9decd04\" data-element_type=\"widget\" data-widget_type=\"themedraft_service_box.default\">\n\t\t\t\t<div class=\"elementor-widget-container\">\n\t\t\t\n        <div class=\"row\">\n\n\t\t\t\n                    <div class=\"col-lg-3 col-md-4\">\n\n\t\t\t\t\t\t                        <a href=\"https:\/\/luchesieanjosadvassociados.com.br\/?page_id=39\" >\n\t\t\t\t\t\t\t\n                            <div class=\"td-single-service-box\">\n                                <div class=\"service-box-icon\">\n                                    <div class=\"background-icon\"><i class=\"flaticon-law-hexagon-2\"><\/i><\/div>\n\n                                    <div class=\"service-box-main-icon\">\n\t\t\t\t\t\t\t\t\t\t\t\t\t\t\t\t\t\t\t\t\t<i aria-hidden=\"true\" class=\"td-icon flaticon-law-gun-1\"><\/i>\t\t\t\t\t\t\t\t\t\t                                    <\/div>\n                                <\/div>\n\n                                <div class=\"service-content\">\n\t\t\t\t\t\t\t\t\t                                        <h4 class=\"td-service-title\">Criminal<\/h4>\n\t\t\t\t\t\t\t\t\t\n                                    <div class=\"service-desc\">\n\t\t\t\t\t\t\t\t\t\t<p>\u2219 Acompanhamento em Delegacias<\/p><p>\u2219 Registro de boletim de ocorr\u00eancia<\/p><p>\u2219 Instaura\u00e7\u00e3o de Inqu\u00e9rito<\/p><p>\u2219 Defesa em Inqu\u00e9rito Policial<\/p><p>\u2219 Medidas Protetivas \/ Lei Maria da Penha<\/p><p>\u2219 Acompanhamento pris\u00e3o em flagrante \/ pris\u00e3o tempor\u00e1ria<\/p>                                    <\/div>\n                                <\/div>\n                            <\/div>\n\n\t\t\t\t\t\t\t                        <\/a>\n\t\t\t\t\t                    <\/div>\n\n\t\t\t\t\n                    <div class=\"col-lg-3 col-md-4\">\n\n\t\t\t\t\t\t                        <a href=\"https:\/\/luchesieanjosadvassociados.com.br\/?page_id=39\" >\n\t\t\t\t\t\t\t\n                            <div class=\"td-single-service-box\">\n                                <div class=\"service-box-icon\">\n                                    <div class=\"background-icon\"><i class=\"flaticon-law-hexagon-2\"><\/i><\/div>\n\n                                    <div class=\"service-box-main-icon\">\n\t\t\t\t\t\t\t\t\t\t\t\t\t\t\t\t\t\t\t\t\t<i aria-hidden=\"true\" class=\"td-icon flaticon-law-auction\"><\/i>\t\t\t\t\t\t\t\t\t\t                                    <\/div>\n                                <\/div>\n\n                                <div class=\"service-content\">\n\t\t\t\t\t\t\t\t\t                                        <h4 class=\"td-service-title\">Processo Penal<\/h4>\n\t\t\t\t\t\t\t\t\t\n                                    <div class=\"service-desc\">\n\t\t\t\t\t\t\t\t\t\t<p>\u2219 Defesas processuais<\/p><p>\u2219 Pedido de liberdade provis\u00f3ria<\/p><p>\u2219 Revoga\u00e7\u00e3o de pris\u00e3o preventiva \/ tempor\u00e1ria<\/p><p>\u2219 Relaxamento de pris\u00e3o<\/p><p>\u2219 Impetra\u00e7\u00e3o de Habeas Corpus<\/p><p>\u2219 Resposta \u00e0 acusa\u00e7\u00e3o<\/p><p>\u2219 Audi\u00eancia de instru\u00e7\u00e3o e julgamento<\/p>                                    <\/div>\n                                <\/div>\n                            <\/div>\n\n\t\t\t\t\t\t\t                        <\/a>\n\t\t\t\t\t                    <\/div>\n\n\t\t\t\t\n                    <div class=\"col-lg-3 col-md-4\">\n\n\t\t\t\t\t\t                        <a href=\"https:\/\/luchesieanjosadvassociados.com.br\/?page_id=39\" >\n\t\t\t\t\t\t\t\n                            <div class=\"td-single-service-box\">\n                                <div class=\"service-box-icon\">\n                                    <div class=\"background-icon\"><i class=\"flaticon-law-hexagon-2\"><\/i><\/div>\n\n                                    <div class=\"service-box-main-icon\">\n\t\t\t\t\t\t\t\t\t\t\t\t\t\t\t\t\t\t\t\t\t<i aria-hidden=\"true\" class=\"td-icon flaticon-law-checklist\"><\/i>\t\t\t\t\t\t\t\t\t\t                                    <\/div>\n                                <\/div>\n\n                                <div class=\"service-content\">\n\t\t\t\t\t\t\t\t\t                                        <h4 class=\"td-service-title\">Recursos<\/h4>\n\t\t\t\t\t\t\t\t\t\n                                    <div class=\"service-desc\">\n\t\t\t\t\t\t\t\t\t\t<p>\u2219 Apela\u00e7\u00e3o<\/p><p>\u2219 Recurso especial \u2013 STJ<\/p><p>\u2219 Recurso extraordin\u00e1rio \u2013 STF<\/p>                                    <\/div>\n                                <\/div>\n                            <\/div>\n\n\t\t\t\t\t\t\t                        <\/a>\n\t\t\t\t\t                    <\/div>\n\n\t\t\t\t\n                    <div class=\"col-lg-3 col-md-4\">\n\n\t\t\t\t\t\t                        <a href=\"https:\/\/luchesieanjosadvassociados.com.br\/?page_id=39\" >\n\t\t\t\t\t\t\t\n                            <div class=\"td-single-service-box\">\n                                <div class=\"service-box-icon\">\n                                    <div class=\"background-icon\"><i class=\"flaticon-law-hexagon-2\"><\/i><\/div>\n\n                                    <div class=\"service-box-main-icon\">\n\t\t\t\t\t\t\t\t\t\t\t\t\t\t\t\t\t\t\t\t\t<i aria-hidden=\"true\" class=\"td-icon flaticon-law-auction-1\"><\/i>\t\t\t\t\t\t\t\t\t\t                                    <\/div>\n                                <\/div>\n\n                                <div class=\"service-content\">\n\t\t\t\t\t\t\t\t\t                                        <h4 class=\"td-service-title\">Execu\u00e7\u00e3o Penal<\/h4>\n\t\t\t\t\t\t\t\t\t\n                                    <div class=\"service-desc\">\n\t\t\t\t\t\t\t\t\t\t<p>\u2219 Progress\u00e3o ao regime aberto<\/p><p>\u2219 Progress\u00e3o ao regime semiaberto<\/p><p>\u2219 Sa\u00edda tempor\u00e1ria<\/p><p>\u2219 Livramento condicional<\/p><p>\u2219 Indulto<\/p><p>\u2219 Agravo em execu\u00e7\u00e3o penal<\/p>                                    <\/div>\n                                <\/div>\n                            <\/div>\n\n\t\t\t\t\t\t\t                        <\/a>\n\t\t\t\t\t                    <\/div>\n\n\t\t\t\t\n                    <div class=\"col-lg-3 col-md-4\">\n\n\t\t\t\t\t\t                        <a href=\"https:\/\/luchesieanjosadvassociados.com.br\/?page_id=39\" >\n\t\t\t\t\t\t\t\n                            <div class=\"td-single-service-box\">\n                                <div class=\"service-box-icon\">\n                                    <div class=\"background-icon\"><i class=\"flaticon-law-hexagon-2\"><\/i><\/div>\n\n                                    <div class=\"service-box-main-icon\">\n\t\t\t\t\t\t\t\t\t\t\t\t\t\t\t\t\t\t\t\t\t<i aria-hidden=\"true\" class=\"td-icon flaticon-law-user\"><\/i>\t\t\t\t\t\t\t\t\t\t                                    <\/div>\n                                <\/div>\n\n                                <div class=\"service-content\">\n\t\t\t\t\t\t\t\t\t                                        <h4 class=\"td-service-title\">J\u00fari Popular - Todas as fases. <\/h4>\n\t\t\t\t\t\t\t\t\t\n                                    <div class=\"service-desc\">\n\t\t\t\t\t\t\t\t\t\t<table><tbody><tr><td width=\"444\"><p><strong>Experi\u00eancia na atua\u00e7\u00e3o em grandes opera\u00e7\u00f5es<\/strong><\/p><\/td><\/tr><\/tbody><\/table>                                    <\/div>\n                                <\/div>\n                            <\/div>\n\n\t\t\t\t\t\t\t                        <\/a>\n\t\t\t\t\t                    <\/div>\n\n\t\t\t\t\n                    <div class=\"col-lg-3 col-md-4\">\n\n\t\t\t\t\t\t                        <a href=\"https:\/\/luchesieanjosadvassociados.com.br\/?page_id=39\" >\n\t\t\t\t\t\t\t\n                            <div class=\"td-single-service-box\">\n                                <div class=\"service-box-icon\">\n                                    <div class=\"background-icon\"><i class=\"flaticon-law-hexagon-2\"><\/i><\/div>\n\n                                    <div class=\"service-box-main-icon\">\n\t\t\t\t\t\t\t\t\t\t\t\t\t\t\t\t\t\t\t\t\t<i aria-hidden=\"true\" class=\"td-icon flaticon-law-user\"><\/i>\t\t\t\t\t\t\t\t\t\t                                    <\/div>\n                                <\/div>\n\n                                <div class=\"service-content\">\n\t\t\t\t\t\t\t\t\t                                        <h4 class=\"td-service-title\">Recurso em sentido estrito para decis\u00e3o de pron\u00fancia.<\/h4>\n\t\t\t\t\t\t\t\t\t\n                                    <div class=\"service-desc\">\n\t\t\t\t\t\t\t\t\t\t<table><tbody><tr><td width=\"444\"><p>- Opera\u00e7\u00e3o Sevandija - MP\/SP.<\/p><p>- Opera\u00e7\u00e3o Car Wash - MP\/SP.<\/p><\/td><\/tr><\/tbody><\/table>                                    <\/div>\n                                <\/div>\n                            <\/div>\n\n\t\t\t\t\t\t\t                        <\/a>\n\t\t\t\t\t                    <\/div>\n\n\t\t\t\t\n                    <div class=\"col-lg-3 col-md-4\">\n\n\t\t\t\t\t\t                        <a href=\"https:\/\/luchesieanjosadvassociados.com.br\/?page_id=39\" >\n\t\t\t\t\t\t\t\n                            <div class=\"td-single-service-box\">\n                                <div class=\"service-box-icon\">\n                                    <div class=\"background-icon\"><i class=\"flaticon-law-hexagon-2\"><\/i><\/div>\n\n                                    <div class=\"service-box-main-icon\">\n\t\t\t\t\t\t\t\t\t\t\t\t\t\t\t\t\t\t\t\t\t<i aria-hidden=\"true\" class=\"td-icon flaticon-business-group-1\"><\/i>\t\t\t\t\t\t\t\t\t\t                                    <\/div>\n                                <\/div>\n\n                                <div class=\"service-content\">\n\t\t\t\t\t\t\t\t\t                                        <h4 class=\"td-service-title\">Direito de Fam\u00edlia <\/h4>\n\t\t\t\t\t\t\t\t\t\n                                    <div class=\"service-desc\">\n\t\t\t\t\t\t\t\t\t\t<p>- Direitos e deveres dos C\u00f4njuges<\/p><p>- Aspectos patrimoniais<\/p><p>- Acordo pr\u00e9-nupcial<\/p><p>- Anula\u00e7\u00e3o de casamento<\/p><p>- Todos os tipos de div\u00f3rcio<\/p><p>- Guarda dos filhos<\/p><p>- Pens\u00e3o aliment\u00edcia \/ Revis\u00e3o para o c\u00f4njuge e ou filhos<\/p><p>- Invent\u00e1rio e Testamento<\/p><p>- Tutela<\/p><p>- Ado\u00e7\u00e3o<\/p><p>- Interdi\u00e7\u00e3o<\/p><p>- Planejamento Sucess\u00f3rio<\/p>                                    <\/div>\n                                <\/div>\n                            <\/div>\n\n\t\t\t\t\t\t\t                        <\/a>\n\t\t\t\t\t                    <\/div>\n\n\t\t\t\t\n                    <div class=\"col-lg-3 col-md-4\">\n\n\t\t\t\t\t\t                        <a href=\"https:\/\/luchesieanjosadvassociados.com.br\/?page_id=39\" >\n\t\t\t\t\t\t\t\n                            <div class=\"td-single-service-box\">\n                                <div class=\"service-box-icon\">\n                                    <div class=\"background-icon\"><i class=\"flaticon-law-hexagon-2\"><\/i><\/div>\n\n                                    <div class=\"service-box-main-icon\">\n\t\t\t\t\t\t\t\t\t\t\t\t\t\t\t\t\t\t\t\t\t<i aria-hidden=\"true\" class=\"td-icon flaticon-business-speaker\"><\/i>\t\t\t\t\t\t\t\t\t\t                                    <\/div>\n                                <\/div>\n\n                                <div class=\"service-content\">\n\t\t\t\t\t\t\t\t\t                                        <h4 class=\"td-service-title\">Direito P\u00fablico<\/h4>\n\t\t\t\t\t\t\t\t\t\n                                    <div class=\"service-desc\">\n\t\t\t\t\t\t\t\t\t\t<p>- Peculato<\/p><p>- Corrup\u00e7\u00e3o Ativa e Passiva<\/p><p>- Prevarica\u00e7\u00e3o<\/p><p>- Exerc\u00edcio arbitr\u00e1rio ou abuso de poder<\/p><p>- Fraude em licita\u00e7\u00e3o<\/p><p>- Consultoria<\/p>                                    <\/div>\n                                <\/div>\n                            <\/div>\n\n\t\t\t\t\t\t\t                        <\/a>\n\t\t\t\t\t                    <\/div>\n\n\t\t\t\t\n                    <div class=\"col-lg-3 col-md-4\">\n\n\t\t\t\t\t\t                        <a href=\"https:\/\/luchesieanjosadvassociados.com.br\/?page_id=39\" >\n\t\t\t\t\t\t\t\n                            <div class=\"td-single-service-box\">\n                                <div class=\"service-box-icon\">\n                                    <div class=\"background-icon\"><i class=\"flaticon-law-hexagon-2\"><\/i><\/div>\n\n                                    <div class=\"service-box-main-icon\">\n\t\t\t\t\t\t\t\t\t\t\t\t\t\t\t\t\t\t\t\t\t<i aria-hidden=\"true\" class=\"td-icon flaticon-business-box-4\"><\/i>\t\t\t\t\t\t\t\t\t\t                                    <\/div>\n                                <\/div>\n\n                                <div class=\"service-content\">\n\t\t\t\t\t\t\t\t\t                                        <h4 class=\"td-service-title\">Direito Banc\u00e1rio<\/h4>\n\t\t\t\t\t\t\t\t\t\n                                    <div class=\"service-desc\">\n\t\t\t\t\t\t\t\t\t\t<p>Direito Banc\u00e1rio<\/p><p>- Fraude PIX<\/p><p>- Juros abusivos<\/p><p>- Revisional de contrato<\/p><p>- Fraude em consignado \/ Reserva de Margem Consign\u00e1vel - RMC<\/p>                                    <\/div>\n                                <\/div>\n                            <\/div>\n\n\t\t\t\t\t\t\t                        <\/a>\n\t\t\t\t\t                    <\/div>\n\n\t\t\t\t\n                    <div class=\"col-lg-3 col-md-4\">\n\n\t\t\t\t\t\t                        <a href=\"https:\/\/luchesieanjosadvassociados.com.br\/?page_id=39\" >\n\t\t\t\t\t\t\t\n                            <div class=\"td-single-service-box\">\n                                <div class=\"service-box-icon\">\n                                    <div class=\"background-icon\"><i class=\"flaticon-law-hexagon-2\"><\/i><\/div>\n\n                                    <div class=\"service-box-main-icon\">\n\t\t\t\t\t\t\t\t\t\t\t\t\t\t\t\t\t\t\t\t\t<i aria-hidden=\"true\" class=\"td-icon flaticon-business-real-estate\"><\/i>\t\t\t\t\t\t\t\t\t\t                                    <\/div>\n                                <\/div>\n\n                                <div class=\"service-content\">\n\t\t\t\t\t\t\t\t\t                                        <h4 class=\"td-service-title\">Direito Imobili\u00e1rio<\/h4>\n\t\t\t\t\t\t\t\t\t\n                                    <div class=\"service-desc\">\n\t\t\t\t\t\t\t\t\t\t<p>- Reintegra\u00e7\u00e3o de Posse<\/p><p>- Imiss\u00e3o na Posse<\/p><p>- Usucapi\u00e3o<\/p><p>- Revisional de contrato<\/p><p>- Regulariza\u00e7\u00e3o condominial<\/p>                                    <\/div>\n                                <\/div>\n                            <\/div>\n\n\t\t\t\t\t\t\t                        <\/a>\n\t\t\t\t\t                    <\/div>\n\n\t\t\t\t\n                    <div class=\"col-lg-3 col-md-4\">\n\n\t\t\t\t\t\t                        <a href=\"https:\/\/luchesieanjosadvassociados.com.br\/?page_id=39\" >\n\t\t\t\t\t\t\t\n                            <div class=\"td-single-service-box\">\n                                <div class=\"service-box-icon\">\n                                    <div class=\"background-icon\"><i class=\"flaticon-law-hexagon-2\"><\/i><\/div>\n\n                                    <div class=\"service-box-main-icon\">\n\t\t\t\t\t\t\t\t\t\t\t\t\t\t\t\t\t\t\t\t\t<i aria-hidden=\"true\" class=\"td-icon flaticon-business-business-and-finance-1\"><\/i>\t\t\t\t\t\t\t\t\t\t                                    <\/div>\n                                <\/div>\n\n                                <div class=\"service-content\">\n\t\t\t\t\t\t\t\t\t                                        <h4 class=\"td-service-title\">Direito Empresarial<\/h4>\n\t\t\t\t\t\t\t\t\t\n                                    <div class=\"service-desc\">\n\t\t\t\t\t\t\t\t\t\t<p>- Gest\u00e3o de ativos<\/p><p>- Planejamento Tribut\u00e1rio<\/p><p>- Verifica\u00e7\u00e3o de adequa\u00e7\u00e3o em contratos trabalhistas<\/p><p>- Regulariza\u00e7\u00e3o Lei Geral de Prote\u00e7\u00e3o de Dados - LGPD e Compliance<\/p>                                    <\/div>\n                                <\/div>\n                            <\/div>\n\n\t\t\t\t\t\t\t                        <\/a>\n\t\t\t\t\t                    <\/div>\n\n\t\t\t\t\n        <\/div>\n\n\t\t\t\t<\/div>\n\t\t\t\t<\/div>\n\t\t\t\t\t<\/div>\n\t\t<\/div>\n\t\t\t\t\t<\/div>\n\t\t<\/section>\n\t\t\t\t<\/div>\n\t\t","protected":false},"excerpt":{"rendered":"<p>Atua\u00e7\u00e3o Nosso escrit\u00f3rio de advocacia est\u00e1 comprometido em atender \u00e0s necessidades de nossos clientes de maneira r\u00e1pida e humanizada, dispon\u00edvel 24h. Especializamo-nos em diversas \u00e1reas do Direito, incluindo Criminal, Fam\u00edlia, P\u00fablico, Banc\u00e1rio, Imobili\u00e1rio e Empresarial, sempre visando os melhores resultados. Priorizamos uma abordagem pr\u00e1tica e eficiente para cada caso, combinando experi\u00eancia jur\u00eddica com estrat\u00e9gias inovadoras. [&hellip;]<\/p>\n","protected":false},"author":1,"featured_media":0,"parent":0,"menu_order":0,"comment_status":"closed","ping_status":"closed","template":"","meta":{"footnotes":""},"class_list":["post-39","page","type-page","status-publish","hentry"],"_links":{"self":[{"href":"https:\/\/luchesieanjosadvassociados.com.br\/index.php?rest_route=\/wp\/v2\/pages\/39","targetHints":{"allow":["GET"]}}],"collection":[{"href":"https:\/\/luchesieanjosadvassociados.com.br\/index.php?rest_route=\/wp\/v2\/pages"}],"about":[{"href":"https:\/\/luchesieanjosadvassociados.com.br\/index.php?rest_route=\/wp\/v2\/types\/page"}],"author":[{"embeddable":true,"href":"https:\/\/luchesieanjosadvassociados.com.br\/index.php?rest_route=\/wp\/v2\/users\/1"}],"replies":[{"embeddable":true,"href":"https:\/\/luchesieanjosadvassociados.com.br\/index.php?rest_route=%2Fwp%2Fv2%2Fcomments&post=39"}],"version-history":[{"count":38,"href":"https:\/\/luchesieanjosadvassociados.com.br\/index.php?rest_route=\/wp\/v2\/pages\/39\/revisions"}],"predecessor-version":[{"id":949,"href":"https:\/\/luchesieanjosadvassociados.com.br\/index.php?rest_route=\/wp\/v2\/pages\/39\/revisions\/949"}],"wp:attachment":[{"href":"https:\/\/luchesieanjosadvassociados.com.br\/index.php?rest_route=%2Fwp%2Fv2%2Fmedia&parent=39"}],"curies":[{"name":"wp","href":"https:\/\/api.w.org\/{rel}","templated":true}]}}